{"id":103,"date":"2024-06-20T07:21:56","date_gmt":"2024-06-20T07:21:56","guid":{"rendered":"https:\/\/mathis.ranc.ovh\/?page_id=103"},"modified":"2024-06-20T13:35:17","modified_gmt":"2024-06-20T13:35:17","slug":"elementor-103","status":"publish","type":"page","link":"https:\/\/mathis.ranc.ovh\/?page_id=103","title":{"rendered":"Les Diff\u00e9rentes Auras"},"content":{"rendered":"\t\t<div data-elementor-type=\"wp-page\" data-elementor-id=\"103\" class=\"elementor elementor-103\">\n\t\t\t\t<div class=\"elementor-element elementor-element-b527b79 e-flex e-con-boxed e-con e-parent\" data-id=\"b527b79\" data-element_type=\"container\" data-e-type=\"container\">\n\t\t\t\t\t<div class=\"e-con-inner\">\n\t\t\t\t<div class=\"elementor-element elementor-element-1cc9d94 elementor-widget elementor-widget-text-editor\" data-id=\"1cc9d94\" data-element_type=\"widget\" data-e-type=\"widget\" data-widget_type=\"text-editor.default\">\n\t\t\t\t<div class=\"elementor-widget-container\">\n\t\t\t\t\t\t\t\t\t<p><em>En fonction de ton r\u00f4le tu as soit une aura Lumineuse ( quasiment tous les r\u00f4les safe ) une aura obscure ( les m\u00e9chants ) ou neutre .\u00a0<\/em><\/p>\t\t\t\t\t\t\t\t<\/div>\n\t\t\t\t<\/div>\n\t\t\t\t\t<\/div>\n\t\t\t\t<\/div>\n\t\t<div class=\"elementor-element elementor-element-a658c6e e-grid e-con-boxed e-con e-parent\" data-id=\"a658c6e\" data-element_type=\"container\" data-e-type=\"container\">\n\t\t\t\t\t<div class=\"e-con-inner\">\n\t\t\t\t<div class=\"elementor-element elementor-element-59fe663 elementor-widget elementor-widget-text-editor\" data-id=\"59fe663\" data-element_type=\"widget\" data-e-type=\"widget\" data-widget_type=\"text-editor.default\">\n\t\t\t\t<div class=\"elementor-widget-container\">\n\t\t\t\t\t\t\t\t\t<ul><li><b> R\u00f4les \u00e0 aura Lumineuse :<\/b><\/li><\/ul><p><em><span style=\"font-weight: 400;\">Chien-Loup (Loup)<\/span><span style=\"font-weight: 400;\">,<\/span> <span style=\"font-weight: 400;\">Loup-Garou Grimeur<\/span><span style=\"font-weight: 400;\">,<\/span> <span style=\"font-weight: 400;\">Loup-Garou Mystique<\/span><span style=\"font-weight: 400;\">,<\/span> <span style=\"font-weight: 400;\">Loup-Garou T\u00e9n\u00e9breux<\/span><\/em><\/p><p><strong>Analyste, Astronome (la nuit), Bienfaiteur, Citoyen, Conteuse, Idiot du Village, Jumeaux, Lapin, Marchande de Fruits, Montreur d&rsquo;Ours, Pr\u00eatresse, Rebouteux, Renard, Salvateur, Serviteur, Simple Villageois, Soeurs, Vieux Sage, Voyante<\/strong><\/p><p><span style=\"font-weight: 400;\">Ange<\/span><span style=\"font-weight: 400;\">, <\/span><span style=\"font-weight: 400;\">Ch<\/span><span style=\"font-weight: 400;\">armeuse<\/span><span style=\"font-weight: 400;\">, <\/span><span style=\"font-weight: 400;\">Feu Follet<\/span><span style=\"font-weight: 400;\">, <\/span><span style=\"font-weight: 400;\">Joueur de Fl\u00fbte<\/span><span style=\"font-weight: 400;\">, <\/span><span style=\"font-weight: 400;\">Cupidon<\/span><\/p>\t\t\t\t\t\t\t\t<\/div>\n\t\t\t\t<\/div>\n\t\t\t\t<div class=\"elementor-element elementor-element-6d599e4 elementor-widget elementor-widget-text-editor\" data-id=\"6d599e4\" data-element_type=\"widget\" data-e-type=\"widget\" data-widget_type=\"text-editor.default\">\n\t\t\t\t<div class=\"elementor-widget-container\">\n\t\t\t\t\t\t\t\t\t<ul><li><b> R\u00f4les \u00e0 aura Neutre :<\/b><\/li><\/ul><p><em><span style=\"font-weight: 400;\">Loup-Garou Amn\u00e9sique<\/span><span style=\"font-weight: 400;\">, <\/span><span style=\"font-weight: 400;\">Loup-Garou Craintif<\/span><span style=\"font-weight: 400;\">, <\/span><span style=\"font-weight: 400;\">Loup-Garou Perfide<\/span><span style=\"font-weight: 400;\">, <\/span><span style=\"font-weight: 400;\">Loup-Garou Vengeur<\/span><\/em><\/p><p><strong>Ancien, Chaman, Chasseur, D\u00e9tective, Ermite, Garde, Interpr\u00e8te, Mire, Oracle, Petite Fille, Servante D\u00e9vou\u00e9e, Trappeur<\/strong><\/p><p><span style=\"font-weight: 400;\">Barbare<\/span><span style=\"font-weight: 400;\">, <\/span><span style=\"font-weight: 400;\">Imitateur<\/span><span style=\"font-weight: 400;\">, <\/span><span style=\"font-weight: 400;\">Voyou<\/span><span style=\"font-weight: 400;\">, <\/span><span style=\"font-weight: 400;\">Enfant<\/span> <span style=\"font-weight: 400;\">Sauvage<\/span><span style=\"font-weight: 400;\">, <\/span><span style=\"font-weight: 400;\">Escroc<\/span><span style=\"font-weight: 400;\">, <\/span><span style=\"font-weight: 400;\">Trublion<\/span><span style=\"font-weight: 400;\">, <\/span><span style=\"font-weight: 400;\">Voleur<\/span><\/p><p><br style=\"font-weight: 400;\" \/><br style=\"font-weight: 400;\" \/><\/p><p><br style=\"font-weight: 400;\" \/><br style=\"font-weight: 400;\" \/><\/p>\t\t\t\t\t\t\t\t<\/div>\n\t\t\t\t<\/div>\n\t\t\t\t<div class=\"elementor-element elementor-element-4b40576 elementor-widget elementor-widget-text-editor\" data-id=\"4b40576\" data-element_type=\"widget\" data-e-type=\"widget\" data-widget_type=\"text-editor.default\">\n\t\t\t\t<div class=\"elementor-widget-container\">\n\t\t\t\t\t\t\t\t\t<ul><li><b> R\u00f4les \u00e0 aura Obscure :<\/b><\/li><\/ul><p><em><span style=\"font-weight: 400;\">Tous les autres Loups-Garous<\/span><\/em><\/p><p><strong>Astronome (le jour), Bouc \u00c9missaire, Chien-Loup (Chien), Corbeau, Druide, Fossoyeur, Occultiste, Sorci\u00e8re<\/strong><\/p><p><span style=\"font-weight: 400;\">Assassin<\/span><span style=\"font-weight: 400;\">, <\/span><span style=\"font-weight: 400;\">N\u00e9cromancien<\/span><span style=\"font-weight: 400;\">, <\/span><span style=\"font-weight: 400;\">Rival<\/span><span style=\"font-weight: 400;\">, <\/span><span style=\"font-weight: 400;\">Loup-Garou Blanc<\/span><\/p>\t\t\t\t\t\t\t\t<\/div>\n\t\t\t\t<\/div>\n\t\t\t\t\t<\/div>\n\t\t\t\t<\/div>\n\t\t<div class=\"elementor-element elementor-element-d0836d7 e-flex e-con-boxed e-con e-parent\" data-id=\"d0836d7\" data-element_type=\"container\" data-e-type=\"container\">\n\t\t\t\t\t<div class=\"e-con-inner\">\n\t\t\t\t<div class=\"elementor-element elementor-element-c364e23 elementor-widget elementor-widget-text-editor\" data-id=\"c364e23\" data-element_type=\"widget\" data-e-type=\"widget\" data-widget_type=\"text-editor.default\">\n\t\t\t\t<div class=\"elementor-widget-container\">\n\t\t\t\t\t\t\t\t\t<p><em>Cas<\/em><em> particuliers :<\/em><\/p>\n<ul>\n<li><em> Tuer un joueur (qui ne se fait pas ressusciter) donne une aura Obscure<\/em><\/li>\n<li><em> Se faire prot\u00e9ger par le Salvateur ou le Garde donne une aura Lumineuse<\/em><\/li>\n<li><em> Se faire ressusciter donne une aura Neutre<\/em><\/li>\n<li><em> Le Loup-Garou Feutr\u00e9 obtient l&rsquo;aura par d\u00e9faut de son r\u00f4le de fa\u00e7ade<\/em><\/li>\n<li><em> Le Voleur, l\u2019Escroc, la Servante D\u00e9vou\u00e9e et l&rsquo;Imitateur obtiennent l&rsquo;aura par d\u00e9faut du r\u00f4le qu&rsquo;ils volent<\/em><\/li>\n<li><em> Le Montreur d\u2019Ours change d\u2019aura en fonction du nombre de \u201cGrrrrr\u201d (0 : Lumineux \/ 1 : Neutre \/ 2+ : Obscure)<\/em><\/li>\n<li><em> Quand le Renard renifle un Loup-Garou, son aura devient Obscure<\/em><\/li>\n<li><em> Quand le Chaman et le Chasseur utilisent leur pouvoir, leur aura devient Obscure<\/em><\/li>\n<li><em> Quand l\u2019Analyste utilise son pouvoir d\u2019analyse, son aura devient Obscure<\/em><\/li>\n<li><em> Quand le Loup-Garou Vengeur atteint 10 \u2665, son aura devient Obscure<\/em><\/li>\n<li><em> Quand le Loup-Garou T\u00e9n\u00e9breux utilise son pouvoir, son aura devient Obscure<\/em><\/li>\n<li><em> La Pr\u00eatresse et l&rsquo;Ange gardent TOUJOURS une aura Lumineuse, quoi qu\u2019il arrive<\/em><\/li>\n<\/ul>\n<p><em>\u2022 Le Grand M\u00e9chant Loup garde TOUJOURS une aura Obscure, quoi qu\u2019il arrive<\/em><\/p>\t\t\t\t\t\t\t\t<\/div>\n\t\t\t\t<\/div>\n\t\t\t\t\t<\/div>\n\t\t\t\t<\/div>\n\t\t\t\t<\/div>\n\t\t","protected":false},"excerpt":{"rendered":"<p>En fonction de ton r\u00f4le tu as soit une aura Lumineuse ( quasiment tous les r\u00f4les safe ) une aura obscure ( les m\u00e9chants ) ou neutre .\u00a0 R\u00f4les \u00e0 aura Lumineuse : Chien-Loup (Loup), Loup-Garou Grimeur, Loup-Garou Mystique, Loup-Garou T\u00e9n\u00e9breux Analyste, Astronome (la nuit), Bienfaiteur, Citoyen, Conteuse, Idiot du Village, Jumeaux, Lapin, Marchande de [&hellip;]<\/p>\n","protected":false},"author":2,"featured_media":0,"parent":0,"menu_order":0,"comment_status":"closed","ping_status":"closed","template":"","meta":{"footnotes":""},"class_list":["post-103","page","type-page","status-publish","hentry"],"_links":{"self":[{"href":"https:\/\/mathis.ranc.ovh\/index.php?rest_route=\/wp\/v2\/pages\/103","targetHints":{"allow":["GET"]}}],"collection":[{"href":"https:\/\/mathis.ranc.ovh\/index.php?rest_route=\/wp\/v2\/pages"}],"about":[{"href":"https:\/\/mathis.ranc.ovh\/index.php?rest_route=\/wp\/v2\/types\/page"}],"author":[{"embeddable":true,"href":"https:\/\/mathis.ranc.ovh\/index.php?rest_route=\/wp\/v2\/users\/2"}],"replies":[{"embeddable":true,"href":"https:\/\/mathis.ranc.ovh\/index.php?rest_route=%2Fwp%2Fv2%2Fcomments&post=103"}],"version-history":[{"count":11,"href":"https:\/\/mathis.ranc.ovh\/index.php?rest_route=\/wp\/v2\/pages\/103\/revisions"}],"predecessor-version":[{"id":236,"href":"https:\/\/mathis.ranc.ovh\/index.php?rest_route=\/wp\/v2\/pages\/103\/revisions\/236"}],"wp:attachment":[{"href":"https:\/\/mathis.ranc.ovh\/index.php?rest_route=%2Fwp%2Fv2%2Fmedia&parent=103"}],"curies":[{"name":"wp","href":"https:\/\/api.w.org\/{rel}","templated":true}]}}