{"id":110,"date":"2024-06-20T07:22:43","date_gmt":"2024-06-20T07:22:43","guid":{"rendered":"https:\/\/mathis.ranc.ovh\/?page_id=110"},"modified":"2024-06-20T22:54:42","modified_gmt":"2024-06-20T22:54:42","slug":"elementor-110","status":"publish","type":"page","link":"https:\/\/mathis.ranc.ovh\/?page_id=110","title":{"rendered":"Les \u00c9v\u00e9nements Al\u00e9atoires"},"content":{"rendered":"\t\t<div data-elementor-type=\"wp-page\" data-elementor-id=\"110\" class=\"elementor elementor-110\">\n\t\t\t\t<div class=\"elementor-element elementor-element-877ba07 e-flex e-con-boxed e-con e-parent\" data-id=\"877ba07\" data-element_type=\"container\" data-e-type=\"container\">\n\t\t\t\t\t<div class=\"e-con-inner\">\n\t\t\t\t<div class=\"elementor-element elementor-element-0a8d0a5 elementor-widget elementor-widget-text-editor\" data-id=\"0a8d0a5\" data-element_type=\"widget\" data-e-type=\"widget\" data-widget_type=\"text-editor.default\">\n\t\t\t\t<div class=\"elementor-widget-container\">\n\t\t\t\t\t\t\t\t\t<p><b><i>Des \u00e9v\u00e9nements peuvent survenir de mani\u00e8re al\u00e9atoire. \u00c0 chaque partie, chaque \u00e9v\u00e9nement a une certaine probabilit\u00e9 (configurable) de s\u2019activer, ce qui contribue \u00e0 rendre les parties uniques.<\/i><\/b><\/p>\n<p><b><i>Plusieurs \u00e9v\u00e9nements peuvent \u00eatre activ\u00e9s en m\u00eame temps, dans la mesure o\u00f9 ils sont compatibles.<\/i><\/b><\/p>\t\t\t\t\t\t\t\t<\/div>\n\t\t\t\t<\/div>\n\t\t\t\t\t<\/div>\n\t\t\t\t<\/div>\n\t\t<div class=\"elementor-element elementor-element-f48cf23 e-con-full e-flex e-con e-parent\" data-id=\"f48cf23\" data-element_type=\"container\" data-e-type=\"container\">\n\t\t\t\t<div class=\"elementor-element elementor-element-8741e2c elementor-widget elementor-widget-text-editor\" data-id=\"8741e2c\" data-element_type=\"widget\" data-e-type=\"widget\" data-widget_type=\"text-editor.default\">\n\t\t\t\t<div class=\"elementor-widget-container\">\n\t\t\t\t\t\t\t\t\t<p><em>Coup De Foudre :<\/em><\/p><p><strong><span id=\"docs-internal-guid-6ae7f6bd-7fff-c762-dcf2-9287c3341f14\"><span style=\"font-size: 11pt; font-variant-ligatures: normal; font-variant-alternates: normal; font-variant-numeric: normal; font-variant-east-asian: normal; font-variant-position: normal; vertical-align: baseline; white-space: pre-wrap;\">Le couple n\u2019est annonc\u00e9 qu\u2019au Cupidon et au Rival, les amoureux ne l\u2019apprennent que lorsqu\u2019ils se rencontrent (moins de 40 blocs). Si l\u2019un meurt sans avoir rencontr\u00e9 l\u2019autre, le deuxi\u00e8me membre du couple ne meurt pas.<\/span><\/span><\/strong><em><br \/><\/em><\/p>\t\t\t\t\t\t\t\t<\/div>\n\t\t\t\t<\/div>\n\t\t\t\t<\/div>\n\t\t<div class=\"elementor-element elementor-element-92e6c57 e-flex e-con-boxed e-con e-parent\" data-id=\"92e6c57\" data-element_type=\"container\" data-e-type=\"container\">\n\t\t\t\t\t<div class=\"e-con-inner\">\n\t\t\t\t<div class=\"elementor-element elementor-element-355d337 elementor-widget elementor-widget-text-editor\" data-id=\"355d337\" data-element_type=\"widget\" data-e-type=\"widget\" data-widget_type=\"text-editor.default\">\n\t\t\t\t<div class=\"elementor-widget-container\">\n\t\t\t\t\t\t\t\t\t<p><em>Loup-Bourr\u00e9 :<\/em><\/p><p dir=\"ltr\" style=\"line-height: 1.38; text-align: justify; margin-top: 0pt; margin-bottom: 0pt;\"><strong><span style=\"font-size: 11pt; font-family: Roboto, sans-serif; color: #000000; background-color: transparent; font-style: normal; font-variant-ligatures: normal; font-variant-caps: normal; font-variant-alternates: normal; font-variant-numeric: normal; font-variant-east-asian: normal; font-variant-position: normal; text-decoration: none; vertical-align: baseline; white-space: pre-wrap;\">Un des Loups-Garous, s\u00e9lectionn\u00e9 al\u00e9atoirement, poss\u00e8de une liste des loups enti\u00e8rement fausse.<\/span><\/strong><\/p>\t\t\t\t\t\t\t\t<\/div>\n\t\t\t\t<\/div>\n\t\t\t\t<div class=\"elementor-element elementor-element-40b259a elementor-widget elementor-widget-text-editor\" data-id=\"40b259a\" data-element_type=\"widget\" data-e-type=\"widget\" data-widget_type=\"text-editor.default\">\n\t\t\t\t<div class=\"elementor-widget-container\">\n\t\t\t\t\t\t\t\t\t<p><em>Exposed :\u00a0<\/em><\/p><p dir=\"ltr\" style=\"line-height: 1.38; text-align: justify; margin-top: 0pt; margin-bottom: 0pt;\"><strong><span style=\"font-size: 11pt; font-family: Roboto, sans-serif; color: #000000; background-color: transparent; font-style: normal; font-variant-ligatures: normal; font-variant-caps: normal; font-variant-alternates: normal; font-variant-numeric: normal; font-variant-east-asian: normal; font-variant-position: normal; text-decoration: none; vertical-align: baseline; white-space: pre-wrap;\">Une ou deux fois dans la partie, un joueur choisi al\u00e9atoirement voit son pseudo affich\u00e9 dans le chat \u00e0 c\u00f4t\u00e9 de 3 r\u00f4les : son r\u00f4le, un r\u00f4le d\u2019un autre camp, ainsi qu\u2019un r\u00f4le al\u00e9atoire. L\u2019Enfant Sauvage et le Cupidon sont exclus de l\u2019\u00e9v\u00e9nement.<\/span><\/strong><\/p><p dir=\"ltr\" style=\"line-height: 1.38; text-align: justify; margin-top: 0pt; margin-bottom: 0pt;\"><strong><span style=\"font-size: 11pt; font-family: Roboto, sans-serif; color: #000000; background-color: transparent; font-style: normal; font-variant-ligatures: normal; font-variant-caps: normal; font-variant-alternates: normal; font-variant-numeric: normal; font-variant-east-asian: normal; font-variant-position: normal; text-decoration: none; vertical-align: baseline; white-space: pre-wrap;\">La premi\u00e8re occurrence de l\u2019\u00e9v\u00e9nement survient entre 65 et 80 minutes de jeu. L\u2019\u00e9v\u00e9nement a 80% de chance de se produire une seconde fois, entre 100 et 115 minutes de jeu.<\/span><\/strong><\/p>\t\t\t\t\t\t\t\t<\/div>\n\t\t\t\t<\/div>\n\t\t\t\t\t<\/div>\n\t\t\t\t<\/div>\n\t\t<div class=\"elementor-element elementor-element-9b2c6df e-flex e-con-boxed e-con e-parent\" data-id=\"9b2c6df\" data-element_type=\"container\" data-e-type=\"container\">\n\t\t\t\t\t<div class=\"e-con-inner\">\n\t\t\t\t<div class=\"elementor-element elementor-element-13d72d9 elementor-widget elementor-widget-text-editor\" data-id=\"13d72d9\" data-element_type=\"widget\" data-e-type=\"widget\" data-widget_type=\"text-editor.default\">\n\t\t\t\t<div class=\"elementor-widget-container\">\n\t\t\t\t\t\t\t\t\t<p><em>Not All Loup :<\/em><\/p><p dir=\"ltr\" style=\"line-height: 1.38; text-align: justify; margin-top: 0pt; margin-bottom: 0pt;\"><strong><span style=\"font-size: 11pt; font-family: Roboto, sans-serif; color: #000000; background-color: transparent; font-style: normal; font-variant-ligatures: normal; font-variant-caps: normal; font-variant-alternates: normal; font-variant-numeric: normal; font-variant-east-asian: normal; font-variant-position: normal; text-decoration: none; vertical-align: baseline; white-space: pre-wrap;\">Quand un Loup (quel qu\u2019il soit) meurt, il appara\u00eet comme \u00ab\u00a0<\/span><span style=\"font-size: 11pt; font-family: Roboto, sans-serif; color: #aa0000; background-color: transparent; font-style: normal; font-variant-ligatures: normal; font-variant-caps: normal; font-variant-alternates: normal; font-variant-numeric: normal; font-variant-east-asian: normal; font-variant-position: normal; text-decoration: none; vertical-align: baseline; white-space: pre-wrap;\">Loup-Garou<\/span><span style=\"font-size: 11pt; font-family: Roboto, sans-serif; color: #000000; background-color: transparent; font-style: normal; font-variant-ligatures: normal; font-variant-caps: normal; font-variant-alternates: normal; font-variant-numeric: normal; font-variant-east-asian: normal; font-variant-position: normal; text-decoration: none; vertical-align: baseline; white-space: pre-wrap;\">\u00a0\u00bb dans son message de mort. La composition affich\u00e9e dans le scoreboard indique uniquement le nombre total de LG.<\/span><\/strong><\/p>\t\t\t\t\t\t\t\t<\/div>\n\t\t\t\t<\/div>\n\t\t\t\t\t<\/div>\n\t\t\t\t<\/div>\n\t\t<div class=\"elementor-element elementor-element-d6dd1cd e-flex e-con-boxed e-con e-parent\" data-id=\"d6dd1cd\" data-element_type=\"container\" data-e-type=\"container\">\n\t\t\t\t\t<div class=\"e-con-inner\">\n\t\t\t\t<div class=\"elementor-element elementor-element-b37aa0a elementor-widget elementor-widget-text-editor\" data-id=\"b37aa0a\" data-element_type=\"widget\" data-e-type=\"widget\" data-widget_type=\"text-editor.default\">\n\t\t\t\t<div class=\"elementor-widget-container\">\n\t\t\t\t\t\t\t\t\t<p><em>Trouple :<\/em><\/p>\n<p><strong><span id=\"docs-internal-guid-c09b26df-7fff-b57d-4c67-1bd44f604f44\"><span style=\"font-size: 11pt; font-variant-ligatures: normal; font-variant-alternates: normal; font-variant-numeric: normal; font-variant-east-asian: normal; font-variant-position: normal; vertical-align: baseline; white-space: pre-wrap;\">Le couple est compos\u00e9 de 3 personnes. Le joueur 1 sait qu\u2019il est en couple avec le joueur 2 ; le joueur 2 sait qu\u2019il est en couple avec le joueur 3 ; et le joueur 3 sait qu\u2019il est en couple avec le joueur 1.<\/span><\/span><\/strong><\/p>\n<p><em><span id=\"docs-internal-guid-c431af4c-7fff-abc0-0794-e92f2b5c5a63\"><span style=\"font-size: 10pt; color: #666666; font-variant-ligatures: normal; font-variant-alternates: normal; font-variant-numeric: normal; font-variant-east-asian: normal; font-variant-position: normal; vertical-align: baseline; white-space: pre-wrap;\">Incompatible avec : Coup de foudre (\u00e9v\u00e9nement), Rival (r\u00f4le)<\/span><\/span><\/em><\/p>\n<p><\/p>\t\t\t\t\t\t\t\t<\/div>\n\t\t\t\t<\/div>\n\t\t\t\t\t<\/div>\n\t\t\t\t<\/div>\n\t\t<div class=\"elementor-element elementor-element-be2ed40 e-flex e-con-boxed e-con e-parent\" data-id=\"be2ed40\" data-element_type=\"container\" data-e-type=\"container\">\n\t\t\t\t\t<div class=\"e-con-inner\">\n\t\t\t\t<div class=\"elementor-element elementor-element-49925ca elementor-widget elementor-widget-text-editor\" data-id=\"49925ca\" data-element_type=\"widget\" data-e-type=\"widget\" data-widget_type=\"text-editor.default\">\n\t\t\t\t<div class=\"elementor-widget-container\">\n\t\t\t\t\t\t\t\t\t<p><em>Ours mal l\u00e9ch\u00e9 :<\/em><\/p><p dir=\"ltr\" style=\"line-height: 1.38; text-align: justify; margin-top: 0pt; margin-bottom: 0pt;\"><strong><span style=\"font-size: 11pt; font-family: Roboto, sans-serif; color: #000000; background-color: transparent; font-style: normal; font-variant-ligatures: normal; font-variant-caps: normal; font-variant-alternates: normal; font-variant-numeric: normal; font-variant-east-asian: normal; font-variant-position: normal; text-decoration: none; vertical-align: baseline; white-space: pre-wrap;\">Lorsque le Montreur d\u2019Ours grogne, il grogne 1 fois de plus OU 1 fois de moins qu\u2019il ne le devrait (d\u00e9termin\u00e9 al\u00e9atoirement \u00e0 chaque \u00e9pisode).<\/span><\/strong><\/p><p dir=\"ltr\" style=\"line-height: 1.38; text-align: justify; margin-top: 0pt; margin-bottom: 0pt;\"><span style=\"font-size: 10pt; font-family: Roboto, sans-serif; color: #666666; background-color: transparent; font-style: italic; font-variant-ligatures: normal; font-variant-caps: normal; font-variant-alternates: normal; font-variant-numeric: normal; font-variant-east-asian: normal; font-variant-position: normal; text-decoration: none; vertical-align: baseline; white-space: pre-wrap;\">Pr\u00e9sence obligatoire de : Montreur d\u2019Ours (r\u00f4le)<\/span><\/p>\t\t\t\t\t\t\t\t<\/div>\n\t\t\t\t<\/div>\n\t\t\t\t<div class=\"elementor-element elementor-element-0714d2d elementor-widget elementor-widget-text-editor\" data-id=\"0714d2d\" data-element_type=\"widget\" data-e-type=\"widget\" data-widget_type=\"text-editor.default\">\n\t\t\t\t<div class=\"elementor-widget-container\">\n\t\t\t\t\t\t\t\t\t<p><em>Vaccination :<\/em><\/p><p dir=\"ltr\" style=\"line-height: 1.38; text-align: justify; margin-top: 0pt; margin-bottom: 0pt;\"><strong><span style=\"font-size: 11pt; font-family: Roboto, sans-serif; color: #000000; background-color: transparent; font-style: normal; font-variant-ligatures: normal; font-variant-caps: normal; font-variant-alternates: normal; font-variant-numeric: normal; font-variant-east-asian: normal; font-variant-position: normal; text-decoration: none; vertical-align: baseline; white-space: pre-wrap;\">Lors de l\u2019infection par l\u2019Infect P\u00e8re des Loups, le joueur ressuscit\u00e9 est mis au courant qu\u2019exceptionnellement, il ne rejoint pas le camp des Loups. Cependant, les Loups pensent que ce joueur, qui a int\u00e9gr\u00e9 leur liste, a bel et bien rejoint leur camp.<\/span><\/strong><\/p><p dir=\"ltr\" style=\"line-height: 1.38; text-align: justify; margin-top: 0pt; margin-bottom: 0pt;\"><span style=\"font-size: 10pt; font-family: Roboto, sans-serif; color: #666666; background-color: transparent; font-weight: 400; font-style: italic; font-variant-ligatures: normal; font-variant-caps: normal; font-variant-alternates: normal; font-variant-numeric: normal; font-variant-east-asian: normal; font-variant-position: normal; text-decoration: none; vertical-align: baseline; white-space: pre-wrap;\">Pr\u00e9sence obligatoire de : Infect P\u00e8re des Loups (r\u00f4le)<\/span><\/p>\t\t\t\t\t\t\t\t<\/div>\n\t\t\t\t<\/div>\n\t\t\t\t\t<\/div>\n\t\t\t\t<\/div>\n\t\t<div class=\"elementor-element elementor-element-4746aec e-flex e-con-boxed e-con e-parent\" data-id=\"4746aec\" data-element_type=\"container\" data-e-type=\"container\">\n\t\t\t\t\t<div class=\"e-con-inner\">\n\t\t\t\t<div class=\"elementor-element elementor-element-e586cf1 elementor-widget elementor-widget-text-editor\" data-id=\"e586cf1\" data-element_type=\"widget\" data-e-type=\"widget\" data-widget_type=\"text-editor.default\">\n\t\t\t\t<div class=\"elementor-widget-container\">\n\t\t\t\t\t\t\t\t\t<p><em>Rumeurs :<\/em><\/p><p><strong><span id=\"docs-internal-guid-7740538f-7fff-bdb5-9abd-98a181e3163e\"><span style=\"font-size: 11pt; font-variant-ligatures: normal; font-variant-alternates: normal; font-variant-numeric: normal; font-variant-east-asian: normal; font-variant-position: normal; vertical-align: baseline; white-space: pre-wrap;\">Une fois dans la partie, entre 80 et 120 minutes, un message annonce aux joueurs qu\u2019ils ont 20 secondes pour envoyer un message dans le chat. Les messages de tous les joueurs sont ensuite affich\u00e9s anonymement et dans le d\u00e9sordre. Seul le Citoyen pourra voir le pseudo du joueur ayant \u00e9crit une des rumeurs.<\/span><\/span><\/strong><em><br \/><\/em><\/p>\t\t\t\t\t\t\t\t<\/div>\n\t\t\t\t<\/div>\n\t\t\t\t\t<\/div>\n\t\t\t\t<\/div>\n\t\t<div class=\"elementor-element elementor-element-d96caa8 e-flex e-con-boxed e-con e-parent\" data-id=\"d96caa8\" data-element_type=\"container\" data-e-type=\"container\">\n\t\t\t\t\t<div class=\"e-con-inner\">\n\t\t\t\t<div class=\"elementor-element elementor-element-d52f5cf elementor-widget elementor-widget-text-editor\" data-id=\"d52f5cf\" data-element_type=\"widget\" data-e-type=\"widget\" data-widget_type=\"text-editor.default\">\n\t\t\t\t<div class=\"elementor-widget-container\">\n\t\t\t\t\t\t\t\t\t<p><em>Zizanie :<\/em><\/p><p><span id=\"docs-internal-guid-e010dbf6-7fff-8bad-204e-c37a3c4065a8\"><span style=\"font-size: 11pt; font-variant-ligatures: normal; font-variant-alternates: normal; font-variant-numeric: normal; font-variant-east-asian: normal; font-variant-position: normal; vertical-align: baseline; white-space: pre-wrap;\"><strong>Entre 75 et 105 minutes, un chamboulement se produit : un membre du Village gagne d\u00e9sormais avec les Loups-Garous, tandis qu\u2019un des Loups devient solitaire et cherche \u00e0 tuer tout le monde ; enfin, un des r\u00f4les Solo s\u2019allie soudainement avec le Village. Ces trois joueurs gardent les avantages de leur r\u00f4le .<\/strong><\/span><\/span><\/p>\t\t\t\t\t\t\t\t<\/div>\n\t\t\t\t<\/div>\n\t\t\t\t\t<\/div>\n\t\t\t\t<\/div>\n\t\t<div class=\"elementor-element elementor-element-7f85eab e-flex e-con-boxed e-con e-parent\" data-id=\"7f85eab\" data-element_type=\"container\" data-e-type=\"container\">\n\t\t\t\t\t<div class=\"e-con-inner\">\n\t\t\t\t<div class=\"elementor-element elementor-element-b606204 elementor-widget elementor-widget-text-editor\" data-id=\"b606204\" data-element_type=\"widget\" data-e-type=\"widget\" data-widget_type=\"text-editor.default\">\n\t\t\t\t<div class=\"elementor-widget-container\">\n\t\t\t\t\t\t\t\t\t<p><em>Cupidon ind\u00e9cis :<\/em><\/p><p dir=\"ltr\" style=\"line-height: 1.38; text-align: justify; margin-top: 0pt; margin-bottom: 0pt;\"><strong><span style=\"font-size: 11pt; font-family: Roboto, sans-serif; color: #000000; background-color: transparent; font-style: normal; font-variant-ligatures: normal; font-variant-caps: normal; font-variant-alternates: normal; font-variant-numeric: normal; font-variant-east-asian: normal; font-variant-position: normal; text-decoration: none; vertical-align: baseline; white-space: pre-wrap;\">Lorsque cet \u00e9v\u00e9nement est activ\u00e9, il affecte la configuration de la partie : si le Couple est cens\u00e9 \u00eatre al\u00e9atoire, il sera choisi par le Cupidon ; s\u2019il est cens\u00e9 \u00eatre choisi, il sera al\u00e9atoire.<\/span><\/strong><\/p>\t\t\t\t\t\t\t\t<\/div>\n\t\t\t\t<\/div>\n\t\t\t\t\t<\/div>\n\t\t\t\t<\/div>\n\t\t<div class=\"elementor-element elementor-element-ef2652f e-flex e-con-boxed e-con e-parent\" data-id=\"ef2652f\" data-element_type=\"container\" data-e-type=\"container\">\n\t\t\t\t\t<div class=\"e-con-inner\">\n\t\t\t\t<div class=\"elementor-element elementor-element-22354bd elementor-widget elementor-widget-text-editor\" data-id=\"22354bd\" data-element_type=\"widget\" data-e-type=\"widget\" data-widget_type=\"text-editor.default\">\n\t\t\t\t<div class=\"elementor-widget-container\">\n\t\t\t\t\t\t\t\t\t<p><em>Soeurs Misanthropes :<\/em><\/p><p><strong><span id=\"docs-internal-guid-74921399-7fff-dbab-1f4f-5dcf0aede333\"><span style=\"font-size: 11pt; font-variant-ligatures: normal; font-variant-alternates: normal; font-variant-numeric: normal; font-variant-east-asian: normal; font-variant-position: normal; vertical-align: baseline; white-space: pre-wrap;\">\u00c0 30 minutes de jeu, une des Soeurs apprend qu&rsquo;elle est dans le camp des Loups (elle a acc\u00e8s \u00e0 la liste, obtient Strength I la nuit ; mais n&rsquo;appara\u00eet pas dans la liste des autres et ne peut pas interagir avec le chat des Loups <\/span><\/span><\/strong><\/p>\t\t\t\t\t\t\t\t<\/div>\n\t\t\t\t<\/div>\n\t\t\t\t\t<\/div>\n\t\t\t\t<\/div>\n\t\t<div class=\"elementor-element elementor-element-5118e36 e-flex e-con-boxed e-con e-parent\" data-id=\"5118e36\" data-element_type=\"container\" data-e-type=\"container\">\n\t\t\t\t\t<div class=\"e-con-inner\">\n\t\t\t\t<div class=\"elementor-element elementor-element-bc25599 elementor-widget elementor-widget-text-editor\" data-id=\"bc25599\" data-element_type=\"widget\" data-e-type=\"widget\" data-widget_type=\"text-editor.default\">\n\t\t\t\t<div class=\"elementor-widget-container\">\n\t\t\t\t\t\t\t\t\t<p><em>Puces de Loups<\/em><\/p><p><strong><span id=\"docs-internal-guid-a26d3fd4-7fff-3097-3baf-adf7e5ff9d54\"><span style=\"font-size: 11pt; font-variant-ligatures: normal; font-variant-alternates: normal; font-variant-numeric: normal; font-variant-east-asian: normal; font-variant-position: normal; vertical-align: baseline; white-space: pre-wrap;\">Chaque joueur du camp des Loups (except\u00e9s ceux qui le rejoignent en cours de partie) re\u00e7oit \u00e0 un instant al\u00e9atoire (et diff\u00e9rent pour chaque joueur) entre 50 et 150 minutes un message lui indiquant qu\u2019il a attrap\u00e9 des puces. D\u00e8s lors, apr\u00e8s 3 minutes cumul\u00e9es pass\u00e9es \u00e0 c\u00f4t\u00e9 de tout joueur non-Loup, celui-ci recevra \u201cQuelque chose vous gratte&#8230;\u201d et saura alors qu\u2019un LG est proche de lui. Pour se d\u00e9barrasser d\u00e9finitivement de ses puces, un Loup doit plonger enti\u00e8rement dans l\u2019eau sans armure.<\/span><\/span><\/strong><em><br \/><\/em><\/p>\t\t\t\t\t\t\t\t<\/div>\n\t\t\t\t<\/div>\n\t\t\t\t\t<\/div>\n\t\t\t\t<\/div>\n\t\t\t\t<\/div>\n\t\t","protected":false},"excerpt":{"rendered":"<p>Des \u00e9v\u00e9nements peuvent survenir de mani\u00e8re al\u00e9atoire. \u00c0 chaque partie, chaque \u00e9v\u00e9nement a une certaine probabilit\u00e9 (configurable) de s\u2019activer, ce qui contribue \u00e0 rendre les parties uniques. Plusieurs \u00e9v\u00e9nements peuvent \u00eatre activ\u00e9s en m\u00eame temps, dans la mesure o\u00f9 ils sont compatibles. Coup De Foudre : Le couple n\u2019est annonc\u00e9 qu\u2019au Cupidon et au Rival, [&hellip;]<\/p>\n","protected":false},"author":2,"featured_media":0,"parent":0,"menu_order":0,"comment_status":"closed","ping_status":"closed","template":"","meta":{"footnotes":""},"class_list":["post-110","page","type-page","status-publish","hentry"],"_links":{"self":[{"href":"https:\/\/mathis.ranc.ovh\/index.php?rest_route=\/wp\/v2\/pages\/110","targetHints":{"allow":["GET"]}}],"collection":[{"href":"https:\/\/mathis.ranc.ovh\/index.php?rest_route=\/wp\/v2\/pages"}],"about":[{"href":"https:\/\/mathis.ranc.ovh\/index.php?rest_route=\/wp\/v2\/types\/page"}],"author":[{"embeddable":true,"href":"https:\/\/mathis.ranc.ovh\/index.php?rest_route=\/wp\/v2\/users\/2"}],"replies":[{"embeddable":true,"href":"https:\/\/mathis.ranc.ovh\/index.php?rest_route=%2Fwp%2Fv2%2Fcomments&post=110"}],"version-history":[{"count":29,"href":"https:\/\/mathis.ranc.ovh\/index.php?rest_route=\/wp\/v2\/pages\/110\/revisions"}],"predecessor-version":[{"id":262,"href":"https:\/\/mathis.ranc.ovh\/index.php?rest_route=\/wp\/v2\/pages\/110\/revisions\/262"}],"wp:attachment":[{"href":"https:\/\/mathis.ranc.ovh\/index.php?rest_route=%2Fwp%2Fv2%2Fmedia&parent=110"}],"curies":[{"name":"wp","href":"https:\/\/api.w.org\/{rel}","templated":true}]}}